{"id":235,"date":"2020-12-08T20:21:27","date_gmt":"2020-12-08T20:21:27","guid":{"rendered":"https:\/\/choras.lt\/?page_id=235"},"modified":"2021-04-21T09:54:11","modified_gmt":"2021-04-21T09:54:11","slug":"skirk-choras-lt-12-proc-pajamu-mokescio","status":"publish","type":"page","link":"https:\/\/choras.lt\/index.php\/skirk-choras-lt-12-proc-pajamu-mokescio\/","title":{"rendered":"Skirk Choras.lt 1,2 proc. pajam\u0173 mokes\u010dio"},"content":{"rendered":"\n<p>Kvie\u010diame paremti Choras.lt, skiriant 1,2 proc. gyventoj\u0173 pajam\u0173 mokes\u010dio:<\/p>\n\n\n\n<p>Choras.lt paramos gav\u0117jo kodas \u2013 302612312<\/p>\n\n\n\n<p>Kaip pateikti paramos deklaracij\u0105:<\/p>\n\n\n\n<ol><li>Atsidarykite elektroninio deklaravimo sistem\u0105 (EDS)\u00a0 http:\/\/deklaravimas.vmi.lt\/<\/li><li>Prisijunkite prie savo paskyros per bank\u0105 arba su elektroniniu para\u0161u.<\/li><li>Atsidarius EDS, spauskite meniu punkt\u0105 \u201ePildyti form\u0105\u201c.<\/li><li>Atsidariusiame deklaracij\u0173 form\u0173 s\u0105ra\u0161e susiraskite form\u0105 FR0512<\/li><li>Spauskite simbol\u012f \u2013 forma elektroniniam pildymui.<\/li><li>Atsidariusioje formoje u\u017epildykite savo asmens duomenis bei choras.lt rekvizitus, deklaracijos laukeliai pildomi taip: <\/li><\/ol>\n\n\n\n<p>Mokestinis laikotarpis (5 laukelis) \u2013 2020<br>Pa\u017eym\u0117ti varnel\u0119 6S laukelyje \u201eMokes\u010dio dal\u012f skiriu paramos gav\u0117jams\u201c&nbsp;<\/p>\n\n\n\n<p>1 Eilut\u0117je E1 laukelyje pasirinkti reik\u0161m\u0119 2 \u2013 Paramos gav\u0117jas<\/p>\n\n\n\n<p>E2 laukelyje nurodomas paramos gav\u0117jo kodas \u2013 302612312<\/p>\n\n\n\n<p>E3 laukelio Mokes\u010dio dalies paskirtis \u2013 galima nepildyti<\/p>\n\n\n\n<p>E4 laukelyje Mokes\u010dio dalies dydis \u2013 1,20 (arba ma\u017eiau, jei skiriate paramos ir kitiems paramos gav\u0117jams)<\/p>\n\n\n\n<p>E5 laukelyje galima nurodyti \u00a0\u2013 2024, tuomet J\u016bs\u0173 parama mus pasieks iki 2024 met\u0173. <\/p>\n\n\n\n<p>7. Baig\u0119 pildyti, spauskite raudon\u0105 \u0161auktuk\u0105 (formos vir\u0161uje), tuomet deklaracijos apa\u010dioje pamatysite pastabas, jei ka\u017ekas blogai u\u017epildyta.<\/p>\n\n\n\n<p>8. Kai, paspaudus raudon\u0105 \u0161auktuk\u0105, matote, kad deklaracijoje klaid\u0173 n\u0117ra, spauskite \u201ePateikti deklaracij\u0105\u201c (vir\u0161uje de\u0161in\u0117je).<\/p>\n\n\n\n<p>9. Sveikinu, j\u016bs jau par\u0117m\u0117te Choras.lt!<\/p>\n","protected":false},"excerpt":{"rendered":"<p>Kvie\u010diame paremti Choras.lt, skiriant 1,2 proc. gyventoj\u0173 pajam\u0173 mokes\u010dio: Choras.lt paramos gav\u0117jo kodas \u2013 302612312 Kaip pateikti paramos deklaracij\u0105: Atsidarykite elektroninio deklaravimo sistem\u0105 (EDS)\u00a0 http:\/\/deklaravimas.vmi.lt\/ Prisijunkite prie savo paskyros per&hellip; <\/p>\n","protected":false},"author":1,"featured_media":0,"parent":0,"menu_order":0,"comment_status":"closed","ping_status":"closed","template":"","meta":{"footnotes":""},"_links":{"self":[{"href":"https:\/\/choras.lt\/index.php\/wp-json\/wp\/v2\/pages\/235"}],"collection":[{"href":"https:\/\/choras.lt\/index.php\/wp-json\/wp\/v2\/pages"}],"about":[{"href":"https:\/\/choras.lt\/index.php\/wp-json\/wp\/v2\/types\/page"}],"author":[{"embeddable":true,"href":"https:\/\/choras.lt\/index.php\/wp-json\/wp\/v2\/users\/1"}],"replies":[{"embeddable":true,"href":"https:\/\/choras.lt\/index.php\/wp-json\/wp\/v2\/comments?post=235"}],"version-history":[{"count":2,"href":"https:\/\/choras.lt\/index.php\/wp-json\/wp\/v2\/pages\/235\/revisions"}],"predecessor-version":[{"id":858,"href":"https:\/\/choras.lt\/index.php\/wp-json\/wp\/v2\/pages\/235\/revisions\/858"}],"wp:attachment":[{"href":"https:\/\/choras.lt\/index.php\/wp-json\/wp\/v2\/media?parent=235"}],"curies":[{"name":"wp","href":"https:\/\/api.w.org\/{rel}","templated":true}]}}