{"id":239,"date":"2020-12-08T20:23:33","date_gmt":"2020-12-08T20:23:33","guid":{"rendered":"https:\/\/choras.lt\/?page_id=239"},"modified":"2025-02-12T13:27:01","modified_gmt":"2025-02-12T13:27:01","slug":"kontaktai","status":"publish","type":"page","link":"https:\/\/choras.lt\/index.php\/kontaktai\/","title":{"rendered":"Kontaktai"},"content":{"rendered":"\n<div class=\"wp-block-group\"><div class=\"wp-block-group__inner-container is-layout-flow wp-block-group-is-layout-flow\">\n<div class=\"wp-block-group\"><div class=\"wp-block-group__inner-container is-layout-flow wp-block-group-is-layout-flow\">\n<p>D\u0117l straipsni\u0173 publikavimo kreiptis \u012f choras.lt vyr. redaktor\u0119\u00a0Ras\u0105 Mikalaj\u016bnien\u0119<\/p>\n\n\n\n<p><strong>mikalajuniene.rasa@gmail.com<\/strong><\/p>\n\n\n\n<p><strong>tel. +370 650 19593<\/strong><\/p>\n\n\n\n<p>Choras.lt k\u016br\u0117j\u0173 s\u0105junga<\/p>\n\n\n\n<p>\u012emon\u0117s kodas 302612312<\/p>\n\n\n\n<p>Atsiskaitomosios s\u0105skaitos numeris \u2013 LT023500010003206041<\/p>\n<\/div><\/div>\n<\/div><\/div>\n","protected":false},"excerpt":{"rendered":"<p>D\u0117l straipsni\u0173 publikavimo kreiptis \u012f choras.lt vyr. redaktor\u0119\u00a0Ras\u0105 Mikalaj\u016bnien\u0119 mikalajuniene.rasa@gmail.com tel. +370 650 19593 Choras.lt k\u016br\u0117j\u0173 s\u0105junga \u012emon\u0117s kodas 302612312 Atsiskaitomosios s\u0105skaitos numeris \u2013 LT023500010003206041<\/p>\n","protected":false},"author":1,"featured_media":0,"parent":0,"menu_order":0,"comment_status":"closed","ping_status":"closed","template":"","meta":{"footnotes":""},"_links":{"self":[{"href":"https:\/\/choras.lt\/index.php\/wp-json\/wp\/v2\/pages\/239"}],"collection":[{"href":"https:\/\/choras.lt\/index.php\/wp-json\/wp\/v2\/pages"}],"about":[{"href":"https:\/\/choras.lt\/index.php\/wp-json\/wp\/v2\/types\/page"}],"author":[{"embeddable":true,"href":"https:\/\/choras.lt\/index.php\/wp-json\/wp\/v2\/users\/1"}],"replies":[{"embeddable":true,"href":"https:\/\/choras.lt\/index.php\/wp-json\/wp\/v2\/comments?post=239"}],"version-history":[{"count":4,"href":"https:\/\/choras.lt\/index.php\/wp-json\/wp\/v2\/pages\/239\/revisions"}],"predecessor-version":[{"id":6192,"href":"https:\/\/choras.lt\/index.php\/wp-json\/wp\/v2\/pages\/239\/revisions\/6192"}],"wp:attachment":[{"href":"https:\/\/choras.lt\/index.php\/wp-json\/wp\/v2\/media?parent=239"}],"curies":[{"name":"wp","href":"https:\/\/api.w.org\/{rel}","templated":true}]}}